{"id":90,"date":"2024-08-13T11:47:40","date_gmt":"2024-08-13T11:47:40","guid":{"rendered":"https:\/\/dtf-shop.ch\/?page_id=90"},"modified":"2024-08-17T13:22:15","modified_gmt":"2024-08-17T13:22:15","slug":"grafikservice","status":"publish","type":"page","link":"https:\/\/dtf-shop.ch\/?page_id=90","title":{"rendered":"Grafikservice \u2013 Ihre Ideen, professionell umgesetzt"},"content":{"rendered":"\t\t<div data-elementor-type=\"wp-page\" data-elementor-id=\"90\" class=\"elementor elementor-90\" data-elementor-post-type=\"page\">\n\t\t\t\t\t\t<section class=\"elementor-section elementor-top-section elementor-element elementor-element-2e56c72d elementor-section-boxed elementor-section-height-default elementor-section-height-default\" data-id=\"2e56c72d\" data-element_type=\"section\" data-e-type=\"section\">\n\t\t\t\t\t\t<div class=\"elementor-container elementor-column-gap-default\">\n\t\t\t\t\t<div class=\"elementor-column elementor-col-100 elementor-top-column elementor-element elementor-element-28841ae8\" data-id=\"28841ae8\" data-element_type=\"column\" data-e-type=\"column\">\n\t\t\t<div class=\"elementor-widget-wrap\">\n\t\t\t\t\t\t\t<\/div>\n\t\t<\/div>\n\t\t\t\t\t<\/div>\n\t\t<\/section>\n\t\t\t\t<section class=\"elementor-section elementor-top-section elementor-element elementor-element-3ec17cba elementor-section-boxed elementor-section-height-default elementor-section-height-default\" data-id=\"3ec17cba\" data-element_type=\"section\" data-e-type=\"section\">\n\t\t\t\t\t\t<div class=\"elementor-container elementor-column-gap-default\">\n\t\t\t\t\t<div class=\"elementor-column elementor-col-50 elementor-top-column elementor-element elementor-element-349e87bb\" data-id=\"349e87bb\" data-element_type=\"column\" data-e-type=\"column\">\n\t\t\t<div class=\"elementor-widget-wrap elementor-element-populated\">\n\t\t\t\t\t\t<div class=\"elementor-element elementor-element-3220a18d elementor-widget elementor-widget-text-editor\" data-id=\"3220a18d\" data-element_type=\"widget\" data-e-type=\"widget\" data-widget_type=\"text-editor.default\">\n\t\t\t\t<div class=\"elementor-widget-container\">\n\t\t\t\t\t\t\t\t\t<p>Unser Grafikservice bietet Ihnen umfassende Unterst\u00fctzung bei der Gestaltung und Bearbeitung Ihrer Grafiken. Egal, ob Sie bestehende Designs optimieren, Grafiken perfekt platzieren oder v\u00f6llig neue Kreationen entwickeln m\u00f6chten \u2013 wir sind f\u00fcr Sie da!<\/p><p><strong>Grafiken bearbeiten:<\/strong><br \/>Wir helfen Ihnen dabei, Ihre bestehenden Grafiken zu verfeinern und anzupassen. Ob Farbkorrekturen, Anpassungen an der Aufl\u00f6sung oder das Hinzuf\u00fcgen von Designelementen \u2013 unser Team sorgt daf\u00fcr, dass Ihre Grafiken in bestm\u00f6glicher Qualit\u00e4t erstrahlen.<\/p><p><strong>Optimale Platzierung:<\/strong><br \/>Die richtige Platzierung Ihrer Grafiken ist entscheidend f\u00fcr den Gesamteindruck Ihres Projekts. Wir analysieren Ihre Anforderungen und sorgen daf\u00fcr, dass jede Grafik optimal zur Geltung kommt. So erzielen Sie maximale Wirkung und Professionalit\u00e4t.<\/p><p><strong>Neue Grafiken erstellen:<\/strong><br \/>Haben Sie eine Idee im Kopf, aber ben\u00f6tigen Unterst\u00fctzung bei der Umsetzung? Unser kreatives Team entwickelt ma\u00dfgeschneiderte Grafiken, die genau auf Ihre Bed\u00fcrfnisse abgestimmt sind. Von Logos \u00fcber Illustrationen bis hin zu kompletten Layouts \u2013 wir setzen Ihre Visionen in die Realit\u00e4t um.<\/p><p>Vertrauen Sie auf unsere Expertise und lassen Sie uns gemeinsam beeindruckende Grafiken schaffen, die Ihr Projekt zum Strahlen bringen! Kontaktieren Sie uns noch heute f\u00fcr eine individuelle Beratung.<\/p><p><a href=\"mailto:info@dtf-shop.ch\">info@dtf-shop.ch<\/a><\/p>\t\t\t\t\t\t\t\t<\/div>\n\t\t\t\t<\/div>\n\t\t\t\t\t<\/div>\n\t\t<\/div>\n\t\t\t\t<div class=\"elementor-column elementor-col-50 elementor-top-column elementor-element elementor-element-261a09bd\" data-id=\"261a09bd\" data-element_type=\"column\" data-e-type=\"column\">\n\t\t\t<div class=\"elementor-widget-wrap elementor-element-populated\">\n\t\t\t\t\t\t<div class=\"elementor-element elementor-element-ebc5435 elementor-widget elementor-widget-image\" data-id=\"ebc5435\" data-element_type=\"widget\" data-e-type=\"widget\" data-widget_type=\"image.default\">\n\t\t\t\t<div class=\"elementor-widget-container\">\n\t\t\t\t\t\t\t\t\t\t\t\t\t\t\t<img fetchpriority=\"high\" decoding=\"async\" width=\"800\" height=\"600\" src=\"https:\/\/dtf-shop.ch\/wp-content\/uploads\/2024\/08\/IMG_4098.jpg\" class=\"attachment-large size-large wp-image-352\" alt=\"\" srcset=\"https:\/\/dtf-shop.ch\/wp-content\/uploads\/2024\/08\/IMG_4098.jpg 1000w, https:\/\/dtf-shop.ch\/wp-content\/uploads\/2024\/08\/IMG_4098-600x450.jpg 600w, https:\/\/dtf-shop.ch\/wp-content\/uploads\/2024\/08\/IMG_4098-300x225.jpg 300w, https:\/\/dtf-shop.ch\/wp-content\/uploads\/2024\/08\/IMG_4098-768x576.jpg 768w\" sizes=\"(max-width: 800px) 100vw, 800px\" \/>\t\t\t\t\t\t\t\t\t\t\t\t\t\t\t<\/div>\n\t\t\t\t<\/div>\n\t\t\t\t\t<\/div>\n\t\t<\/div>\n\t\t\t\t\t<\/div>\n\t\t<\/section>\n\t\t\t\t<\/div>\n\t\t","protected":false},"excerpt":{"rendered":"<p>Unser Grafikservice bietet Ihnen umfassende Unterst\u00fctzung bei der Gestaltung und Bearbeitung Ihrer Grafiken. Egal, ob Sie bestehende Designs optimieren, Grafiken perfekt platzieren oder v\u00f6llig neue Kreationen entwickeln m\u00f6chten \u2013 wir sind f\u00fcr Sie da! Grafiken bearbeiten:Wir helfen Ihnen dabei, Ihre bestehenden Grafiken zu verfeinern und anzupassen. Ob Farbkorrekturen, Anpassungen an der Aufl\u00f6sung oder das Hinzuf\u00fcgen [&hellip;]<\/p>\n","protected":false},"author":1,"featured_media":0,"parent":0,"menu_order":0,"comment_status":"closed","ping_status":"closed","template":"","meta":{"footnotes":""},"class_list":["post-90","page","type-page","status-publish","hentry"],"_links":{"self":[{"href":"https:\/\/dtf-shop.ch\/index.php?rest_route=\/wp\/v2\/pages\/90","targetHints":{"allow":["GET"]}}],"collection":[{"href":"https:\/\/dtf-shop.ch\/index.php?rest_route=\/wp\/v2\/pages"}],"about":[{"href":"https:\/\/dtf-shop.ch\/index.php?rest_route=\/wp\/v2\/types\/page"}],"author":[{"embeddable":true,"href":"https:\/\/dtf-shop.ch\/index.php?rest_route=\/wp\/v2\/users\/1"}],"replies":[{"embeddable":true,"href":"https:\/\/dtf-shop.ch\/index.php?rest_route=%2Fwp%2Fv2%2Fcomments&post=90"}],"version-history":[{"count":29,"href":"https:\/\/dtf-shop.ch\/index.php?rest_route=\/wp\/v2\/pages\/90\/revisions"}],"predecessor-version":[{"id":355,"href":"https:\/\/dtf-shop.ch\/index.php?rest_route=\/wp\/v2\/pages\/90\/revisions\/355"}],"wp:attachment":[{"href":"https:\/\/dtf-shop.ch\/index.php?rest_route=%2Fwp%2Fv2%2Fmedia&parent=90"}],"curies":[{"name":"wp","href":"https:\/\/api.w.org\/{rel}","templated":true}]}}