{"id":119,"date":"2024-08-13T13:31:41","date_gmt":"2024-08-13T13:31:41","guid":{"rendered":"https:\/\/dtf-shop.ch\/?post_type=product&#038;p=119"},"modified":"2024-08-17T08:45:03","modified_gmt":"2024-08-17T08:45:03","slug":"tinte-yellow","status":"publish","type":"product","link":"https:\/\/dtf-shop.ch\/?product=tinte-yellow","title":{"rendered":"DTF-Tinte Yellow"},"content":{"rendered":"<h3 id=\"dtf-tinte-direct-to-film\">DTF-Tinte (Direct to Film)<\/h3>\n<p><strong>Produktbeschreibung:<\/strong><\/p>\n<p>Unsere DTF-Tinte (Direct to Film) auf Wasserbasis ist die ideale Wahl f\u00fcr kreative Druckprojekte. Entwickelt f\u00fcr den digitalen Druck, bietet diese hochwertige Pigmenttinte eine hervorragende Haftung und brillante Farben, um Ihre Designs lebendig zu machen.<\/p>\n<p><strong>Eigenschaften:<\/strong><\/p>\n<ul>\n<li><strong>Farbtyp:<\/strong>\u00a0CMYK + Wei\u00df \u2013 erm\u00f6glicht beeindruckende Farbdrucke mit zus\u00e4tzlicher wei\u00dfer Tinte f\u00fcr verbesserte Deckkraft auf dunklen Materialien.<\/li>\n<li><strong>Druckerkopfauswahl:<\/strong> Kompatibel mit einer Vielzahl von Druckk\u00f6pfen, darunter I3200, P400, P600, P800, P6000, 3800, 3880 sowie DX4, DX5, DX7, 4720, L805 und L1800 DTF-Drucker.<\/li>\n<li><strong>Wasserdicht und abriebfest:<\/strong>\u00a0Die Tinte bietet eine hohe Widerstandsf\u00e4higkeit gegen Wasser und Abrieb, was sie ideal f\u00fcr langlebige Anwendungen macht.<\/li>\n<li><strong>Vielseitige Anwendung:<\/strong>\u00a0Geeignet f\u00fcr viele Materialien wie Baumwolle, Stoffe, Leder, Holz, Badebekleidung, Taucheranz\u00fcge und hochelastische Stoffe. Perfekt f\u00fcr individuelle Textilien und kreative Projekte.<\/li>\n<li><strong>Verwendung mit PET-Folie:<\/strong>\u00a0Sollte zusammen mit <a href=\"https:\/\/dtf-shop.ch\/?product=dtf-folie\">PET-Folie<\/a> und <a href=\"https:\/\/dtf-shop.ch\/?product=transferkleber\">Plastisolpulver<\/a>\u00a0 verwendet werden, um optimale Ergebnisse zu erzielen.<\/li>\n<li><strong>Hervorragende Waschbest\u00e4ndigkeit:<\/strong>\u00a0Die Tinte weist eine ausgezeichnete Waschbest\u00e4ndigkeit und chemische Reinigungsbest\u00e4ndigkeit auf. Besonders bei Chemiefasergeweben zeigt sie eine starke Bindewirkung.<\/li>\n<\/ul>\n<p><strong>Verpackung und Versand:<\/strong><\/p>\n<ul>\n<li><strong>Volumen:<\/strong>\u00a01 Liter pro Flasche<\/li>\n<li><strong>Mindestbestellmenge:<\/strong>\u00a01 Liter<\/li>\n<\/ul>\n<p><strong>Fazit:<\/strong><br \/>\nW\u00e4hlen Sie unsere DTF-Tinte von ZWEIJET f\u00fcr ein modernes Druckverfahren mit herausragenden Ergebnissen. Ideal f\u00fcr sowohl Hobbyisten als auch professionelle Druckdienstleister \u2013 bringen Sie Ihre kreativen Ideen zum Leben!<\/p>\n<p>&nbsp;<\/p>\n","protected":false},"excerpt":{"rendered":"<p><b>Farbtyp:<\/b> Yellow<\/p>\n<p><b>Produktmerkmale:<\/b><br \/>\n1. Konkurrenzf\u00e4higer Preis.<br \/>\n2. Wasserfest.<br \/>\n3. Abriebfest.<br \/>\n4. Geeignet f\u00fcr viele Materialien wie Baumwolle, Stoff, Leder, Holz, Badebekleidung, Taucheranz\u00fcge, hochelastische Stoffe, Segeltuch usw.<br \/>\n5. Sollte zusammen mit PET-Folie und Plastisolpulver (Schmelzklebstoffpulver) verwendet werden.<br \/>\n6. Das Produkt weist eine ausgezeichnete Waschbest\u00e4ndigkeit und chemische Reinigungsbest\u00e4ndigkeit auf, Chemiefasergewebe weist<br \/>\neine starke Bindewirkung auf.<\/p>\n","protected":false},"featured_media":326,"comment_status":"open","ping_status":"closed","template":"","meta":[],"product_brand":[],"product_cat":[19],"product_tag":[],"class_list":{"0":"post-119","1":"product","2":"type-product","3":"status-publish","4":"has-post-thumbnail","6":"product_cat-farbe","8":"first","9":"instock","10":"taxable","11":"shipping-taxable","12":"purchasable","13":"product-type-simple"},"_links":{"self":[{"href":"https:\/\/dtf-shop.ch\/index.php?rest_route=\/wp\/v2\/product\/119","targetHints":{"allow":["GET"]}}],"collection":[{"href":"https:\/\/dtf-shop.ch\/index.php?rest_route=\/wp\/v2\/product"}],"about":[{"href":"https:\/\/dtf-shop.ch\/index.php?rest_route=\/wp\/v2\/types\/product"}],"replies":[{"embeddable":true,"href":"https:\/\/dtf-shop.ch\/index.php?rest_route=%2Fwp%2Fv2%2Fcomments&post=119"}],"wp:featuredmedia":[{"embeddable":true,"href":"https:\/\/dtf-shop.ch\/index.php?rest_route=\/wp\/v2\/media\/326"}],"wp:attachment":[{"href":"https:\/\/dtf-shop.ch\/index.php?rest_route=%2Fwp%2Fv2%2Fmedia&parent=119"}],"wp:term":[{"taxonomy":"product_brand","embeddable":true,"href":"https:\/\/dtf-shop.ch\/index.php?rest_route=%2Fwp%2Fv2%2Fproduct_brand&post=119"},{"taxonomy":"product_cat","embeddable":true,"href":"https:\/\/dtf-shop.ch\/index.php?rest_route=%2Fwp%2Fv2%2Fproduct_cat&post=119"},{"taxonomy":"product_tag","embeddable":true,"href":"https:\/\/dtf-shop.ch\/index.php?rest_route=%2Fwp%2Fv2%2Fproduct_tag&post=119"}],"curies":[{"name":"wp","href":"https:\/\/api.w.org\/{rel}","templated":true}]}}