{"id":122,"date":"2024-08-13T13:35:05","date_gmt":"2024-08-13T13:35:05","guid":{"rendered":"https:\/\/dtf-shop.ch\/?post_type=product&#038;p=122"},"modified":"2024-08-17T13:23:16","modified_gmt":"2024-08-17T13:23:16","slug":"transferkleber","status":"publish","type":"product","link":"https:\/\/dtf-shop.ch\/?product=transferkleber","title":{"rendered":"Transferleim \/ Plastisolpulver"},"content":{"rendered":"<h3 id=\"transferleim--plastisolpulver\">Transferleim \/ Plastisolpulver<\/h3>\n<p><strong>Produktbeschreibung:<\/strong><\/p>\n<p>Unser hochwertiges Transferleim \/ Plastisolpulver ist die ideale L\u00f6sung f\u00fcr den DTF-Druck (Direct to Film) und sorgt f\u00fcr eine hervorragende Haftung zwischen der gedruckten Tinte und dem Textil. Dieses Produkt ist speziell formuliert, um langlebige und strapazierf\u00e4hige Druckergebnisse zu erzielen.<\/p>\n<p><strong>Eigenschaften:<\/strong><\/p>\n<ul>\n<li><strong>Hochwertige Formel:<\/strong>\u00a0Unser Plastisolpulver bietet eine ausgezeichnete Schmelz- und Bindef\u00e4higkeit, die sicherstellt, dass Ihre Designs auch nach mehreren W\u00e4schen lebendig bleiben.<\/li>\n<li><strong>Schmelzpunkt:<\/strong>\u00a0Das Pulver schmilzt bei 145 \u00b0C, was eine optimale Verbindung zwischen Tinte und Material gew\u00e4hrleistet.<\/li>\n<li><strong>\u00dcbertragungshitze:<\/strong>\u00a0F\u00fcr den Transfer des Designs wird eine Temperatur von 125 \u00b0C empfohlen, wobei eine \u00dcbertragungszeit von 15 Sekunden ausreicht, um ein perfektes Ergebnis zu erzielen.<\/li>\n<li><strong>Vielseitig einsetzbar:<\/strong>\u00a0Geeignet f\u00fcr eine Vielzahl von Materialien, einschlie\u00dflich Baumwolle, Polyester, Mischgewebe und mehr. Ideal f\u00fcr T-Shirts, Hoodies, Taschen und andere Textilien.<\/li>\n<li><strong>Optimale Waschbest\u00e4ndigkeit:<\/strong>\u00a0Das Produkt gew\u00e4hrleistet eine hohe Waschbest\u00e4ndigkeit und sch\u00fctzt Ihre Designs vor Verblassen und Abnutzung.<\/li>\n<li><strong>Umweltfreundlich:<\/strong>\u00a0Unsere Formel ist umweltfreundlich und sicher in der Anwendung, sodass Sie mit gutem Gewissen drucken k\u00f6nnen.<\/li>\n<\/ul>\n<p><strong>Anwendung:<\/strong><\/p>\n<ol>\n<li>Drucken Sie Ihr Design auf die DTF-Folie mit DTF-Tinte.<\/li>\n<li>Streuen Sie das Plastisolpulver gleichm\u00e4\u00dfig \u00fcber das noch feuchte Design von Hand oder Maschinell.<\/li>\n<li>Erhitzen Sie den Druck im Ofen bei 145 \u00b0C f\u00fcr 4 Minuten, bis das Pulver schmilzt und sich mit der Tinte verbindet.<\/li>\n<li>Lassen Sie das Design abk\u00fchlen<\/li>\n<li>Bei 125\u00b0, 15 Sekunden mit der Presse auf das Textil \u00fcbertragen<\/li>\n<li>Folie heiss abziehen<\/li>\n<\/ol>\n<p><strong>Verpackung:<\/strong><br \/>\n1 Kg<\/p>\n<p><strong>Fazit:<\/strong><br \/>\nW\u00e4hlen Sie unser Transferleim \/ Plastisolpulver f\u00fcr Ihre DTF-Druckanwendungen! Es bietet Ihnen die Qualit\u00e4t und Zuverl\u00e4ssigkeit, die Sie ben\u00f6tigen, um beeindruckende Ergebnisse zu erzielen. Perfekt f\u00fcr sowohl Hobbyisten als auch professionelle Druckdienstleister \u2013 bringen Sie Ihre kreativen Ideen zum Leben!<\/p>\n","protected":false},"excerpt":{"rendered":"<p><strong>Eigenschaften:<\/strong><\/p>\n<ul>\n<li><strong>Hochwertige Formel:<\/strong>\u00a0Unser Plastisolpulver bietet eine ausgezeichnete Schmelz- und Bindef\u00e4higkeit, die sicherstellt, dass Ihre Designs auch nach mehreren W\u00e4schen lebendig bleiben.<\/li>\n<li><strong>Schmelzpunkt:<\/strong>\u00a0Das Pulver schmilzt bei 145 \u00b0C, was eine optimale Verbindung zwischen Tinte und Material gew\u00e4hrleistet.<\/li>\n<li><strong>\u00dcbertragungshitze:<\/strong>\u00a0F\u00fcr den Transfer des Designs wird eine Temperatur von 125 \u00b0C empfohlen, wobei eine \u00dcbertragungszeit von 15 Sekunden ausreicht, um ein perfektes Ergebnis zu erzielen.<\/li>\n<li><strong>Vielseitig einsetzbar:<\/strong>\u00a0Geeignet f\u00fcr eine Vielzahl von Materialien, einschlie\u00dflich Baumwolle, Polyester, Mischgewebe und mehr. Ideal f\u00fcr T-Shirts, Hoodies, Taschen und andere Textilien.<\/li>\n<li><strong>Optimale Waschbest\u00e4ndigkeit:<\/strong>\u00a0Das Produkt gew\u00e4hrleistet eine hohe Waschbest\u00e4ndigkeit und sch\u00fctzt Ihre Designs vor Verblassen und Abnutzung.<\/li>\n<li><strong>Umweltfreundlich:<\/strong>\u00a0Unsere Formel ist umweltfreundlich und sicher in der Anwendung, sodass Sie mit gutem Gewissen drucken k\u00f6nnen.<\/li>\n<\/ul>\n","protected":false},"featured_media":356,"comment_status":"open","ping_status":"closed","template":"","meta":[],"product_brand":[],"product_cat":[21],"product_tag":[],"class_list":{"0":"post-122","1":"product","2":"type-product","3":"status-publish","4":"has-post-thumbnail","6":"product_cat-kleber","8":"first","9":"instock","10":"taxable","11":"shipping-taxable","12":"purchasable","13":"product-type-simple"},"_links":{"self":[{"href":"https:\/\/dtf-shop.ch\/index.php?rest_route=\/wp\/v2\/product\/122","targetHints":{"allow":["GET"]}}],"collection":[{"href":"https:\/\/dtf-shop.ch\/index.php?rest_route=\/wp\/v2\/product"}],"about":[{"href":"https:\/\/dtf-shop.ch\/index.php?rest_route=\/wp\/v2\/types\/product"}],"replies":[{"embeddable":true,"href":"https:\/\/dtf-shop.ch\/index.php?rest_route=%2Fwp%2Fv2%2Fcomments&post=122"}],"wp:featuredmedia":[{"embeddable":true,"href":"https:\/\/dtf-shop.ch\/index.php?rest_route=\/wp\/v2\/media\/356"}],"wp:attachment":[{"href":"https:\/\/dtf-shop.ch\/index.php?rest_route=%2Fwp%2Fv2%2Fmedia&parent=122"}],"wp:term":[{"taxonomy":"product_brand","embeddable":true,"href":"https:\/\/dtf-shop.ch\/index.php?rest_route=%2Fwp%2Fv2%2Fproduct_brand&post=122"},{"taxonomy":"product_cat","embeddable":true,"href":"https:\/\/dtf-shop.ch\/index.php?rest_route=%2Fwp%2Fv2%2Fproduct_cat&post=122"},{"taxonomy":"product_tag","embeddable":true,"href":"https:\/\/dtf-shop.ch\/index.php?rest_route=%2Fwp%2Fv2%2Fproduct_tag&post=122"}],"curies":[{"name":"wp","href":"https:\/\/api.w.org\/{rel}","templated":true}]}}